{"id":1389,"date":"2013-03-12T19:46:49","date_gmt":"2013-03-12T19:46:49","guid":{"rendered":"https:\/\/revoluciondesdeadentro.com\/?page_id=1389"},"modified":"2013-03-12T21:29:39","modified_gmt":"2013-03-12T21:29:39","slug":"comentarios-escritos","status":"publish","type":"page","link":"http:\/\/revoluciondesdeadentro.com\/?page_id=1389","title":{"rendered":"Comentarios Escritos"},"content":{"rendered":"<p>Si desea dejar alg\u00fan comentario sobre el libro, por favor h\u00e1galo llenando el formulario a continuaci\u00f3n:<\/p>\n","protected":false},"excerpt":{"rendered":"<p>Si desea dejar alg\u00fan comentario sobre el libro, por favor h\u00e1galo llenando el formulario a continuaci\u00f3n:<\/p>\n","protected":false},"author":1,"featured_media":0,"parent":0,"menu_order":0,"comment_status":"open","ping_status":"closed","template":"","meta":{"footnotes":""},"class_list":["post-1389","page","type-page","status-publish","hentry"],"_links":{"self":[{"href":"http:\/\/revoluciondesdeadentro.com\/index.php?rest_route=\/wp\/v2\/pages\/1389","targetHints":{"allow":["GET"]}}],"collection":[{"href":"http:\/\/revoluciondesdeadentro.com\/index.php?rest_route=\/wp\/v2\/pages"}],"about":[{"href":"http:\/\/revoluciondesdeadentro.com\/index.php?rest_route=\/wp\/v2\/types\/page"}],"author":[{"embeddable":true,"href":"http:\/\/revoluciondesdeadentro.com\/index.php?rest_route=\/wp\/v2\/users\/1"}],"replies":[{"embeddable":true,"href":"http:\/\/revoluciondesdeadentro.com\/index.php?rest_route=%2Fwp%2Fv2%2Fcomments&post=1389"}],"version-history":[{"count":3,"href":"http:\/\/revoluciondesdeadentro.com\/index.php?rest_route=\/wp\/v2\/pages\/1389\/revisions"}],"predecessor-version":[{"id":1397,"href":"http:\/\/revoluciondesdeadentro.com\/index.php?rest_route=\/wp\/v2\/pages\/1389\/revisions\/1397"}],"wp:attachment":[{"href":"http:\/\/revoluciondesdeadentro.com\/index.php?rest_route=%2Fwp%2Fv2%2Fmedia&parent=1389"}],"curies":[{"name":"wp","href":"https:\/\/api.w.org\/{rel}","templated":true}]}}