{"id":668,"date":"2010-09-15T08:20:47","date_gmt":"2010-09-15T08:20:47","guid":{"rendered":"http:\/\/elegantthemes.com\/preview\/DeepFocus\/?page_id=233"},"modified":"2013-01-31T04:59:58","modified_gmt":"2013-01-31T04:59:58","slug":"who-i-am","status":"publish","type":"page","link":"http:\/\/revoluciondesdeadentro.com\/?page_id=668","title":{"rendered":"ENDOSOS"},"content":{"rendered":"<p>Estas son las personas que opinaron sobre lo que est\u00e1 y ha estado pasando en Boivia.<br \/>\n\n\t\t\t<div class='tabs-left et_sliderfx_fade et_sliderauto_false et_sliderauto_speed_5000 et_slidertype_left_tabs clearfix'>\n\t\t\t\t<div class='et_left_tabs_bg'><\/div>\n\t\t\t\t<ul class='et-tabs-control'>\n\t\t\t<li><a href='#'>\n\t\t\t<strong>Cash Luna<\/strong>\n\t\t<\/a><\/li> \n\t\t<li><a href='#'>\n\t\t\t<strong>Jack Louman<\/strong>\n\t\t<\/a><\/li>\n\t\t<li><a href='#'>\n\t\t\t<strong>Bill Scheidler<\/strong>\n\t\t<\/a><\/li> \n\t\t<li><a href='#'>\n\t\t\t<strong>Dick Iverson<\/strong>\n\t\t<\/a><\/li>\n\t\t<\/ul> <!-- .et-tabs-control --> \n\t\t<div class='et-tabs-content'>\n\t\t\t<div class='et-tabs-content-wrapper'>\n\t\t\t\t<div class='et_slidecontent'>\n\t\t\t<blockquote><p><a href=\"http:\/\/revoluciondesdeadentro.net\/wp-content\/uploads\/2010\/09\/cash1.jpg\"><img loading=\"lazy\" decoding=\"async\" class=\"alignleft size-full wp-image-1040\" alt=\"cash\" src=\"http:\/\/revoluciondesdeadentro.net\/wp-content\/uploads\/2010\/09\/cash1.jpg\" width=\"119\" height=\"175\" \/><\/a>\u00abEl Esp\u00edritu Santo ha hecho de Bolivia su casa y de los esposos Salcedo sus ministros que, junto a otros hombres y mujeres de Dios, forman parte del avivamiento que ha impactado a toda Am\u00e9rica del Sur. Revoluci\u00f3n desde adentro es un impresionante testimonio del poder del Se\u00f1or y de su deseo de bendecir a las naciones\u00bb.<\/p><\/blockquote>\n<p>Fundador y pastor de Casa de Dios, Guatemala\n\t\t<\/div>\n\n\t\t<div class='et_slidecontent'>\n\t\t\t<blockquote><p><a href=\"http:\/\/revoluciondesdeadentro.net\/wp-content\/uploads\/2010\/09\/jack.jpg\"><img loading=\"lazy\" decoding=\"async\" class=\"alignleft size-full wp-image-1045\" alt=\"jack\" src=\"http:\/\/revoluciondesdeadentro.net\/wp-content\/uploads\/2010\/09\/jack.jpg\" width=\"119\" height=\"175\" \/><\/a>\u00abSiempre me ha impresionado la sencillez, la espontaneidad y la for- taleza de la fe como de ni\u00f1o de los pastores Alberto y Silvia, as\u00ed como su habilidad para impart\u00edrsela a los dem\u00e1s. Combinada con su sin- cera semejanza a un ni\u00f1o, yace la complejidad de sus habilidades de liderazgo. Tienen la experiencia madura, la sabidur\u00eda, la creatividad\u00a0<i>rhema<\/i>, la habilidad interpersonal, la capacidad intelectual, la resistencia f\u00edsica y la fe para la toma de decisiones financieras, no solo para construir una megaiglesia con todos sus ministerios, sino tambi\u00e9n los muy exitosos ministerios de televisi\u00f3n y radio. Los pastores Alberto y Silvia son l\u00edderes nacionales e internacionales que viven para amar y servir a Dios y a la gente con corazones puros y con excelencia. Su historia inspirar\u00e1 e impartir\u00e1 fe y visi\u00f3n a todo aquel que lea el libro\u00bb.<\/p><\/blockquote>\n<p style=\"text-align: left;\">                                               Pastor ejecutivo de <em>City Bible Church<\/em>\n\t\t<\/div><\/p>\n\n\t\t<div class='et_slidecontent'>\n\t\t\t<blockquote><p><a href=\"http:\/\/revoluciondesdeadentro.net\/wp-content\/uploads\/2010\/09\/bill.jpg\"><img loading=\"lazy\" decoding=\"async\" class=\"alignleft size-full wp-image-1046\" alt=\"bill\" src=\"http:\/\/revoluciondesdeadentro.net\/wp-content\/uploads\/2010\/09\/bill.jpg\" width=\"119\" height=\"175\" \/><\/a>\u00abHe tenido el privilegio de observar, admirar y participar en Ekkles\u00eda por muchos a\u00f1os. Tengo que decir que lo que Dios ha hecho en este pa\u00eds, con grandes desaf\u00edos econ\u00f3micos, es nada menos que milagroso. Considerando la oposici\u00f3n que Alberto y Silvia Salcedo han encon- trado de grupos religiosos, gobiernos y los que procuran destruirlos, su historia habla de que Dios es fiel y que su Reino no se puede detener. Su historia es una caminata de milagros, avivamientos, reveces y Revoluci\u00f3n desde adentro victorias. Es una impresionante historia que te inspirar\u00e1 a creer m\u00e1s en el poder de Dios para moverse de poderosas maneras a trav\u00e9s de aquellos cuyas vidas se rinden a \u00c9l\u00bb.<\/p><\/blockquote>\n<p>                                               Pastor y maestro\n\t\t<\/div>\n\n\t\t<div class='et_slidecontent'>\n\t\t\t<blockquote><p><a href=\"http:\/\/revoluciondesdeadentro.net\/wp-content\/uploads\/2010\/09\/dick.jpg\"><img loading=\"lazy\" decoding=\"async\" class=\"alignleft size-full wp-image-1047\" alt=\"dick\" src=\"http:\/\/revoluciondesdeadentro.net\/wp-content\/uploads\/2010\/09\/dick.jpg\" width=\"119\" height=\"175\" \/><\/a>\u00abEste libro cuenta la historia de un gran mover de Dios que contin\u00faa hasta estos d\u00edas. Mi recorrido con la obra en Bolivia se remonta a los a\u00f1os de 1970 cuando Julio Ruibal lleg\u00f3 a nuestra iglesia en Portland, Oreg\u00f3n. A trav\u00e9s de una serie de encuentros ordenados por Dios, conoc\u00ed a los Salcedo y he tenido el privilegio de ser amigo de su gran iglesia por muchos a\u00f1os. La obra que Dios ha alcanzado por medio de ellos est\u00e1 registrada en este libro y es asombrosa. A trav\u00e9s de su ministerio, miles de personas se han salvado, sanado y llenado con el Esp\u00edritu Santo. Este libro solo toca de manera superficial lo que Dios ha hecho y estoy convencido que las futuras haza\u00f1as de fe ser\u00e1n aun mayores\u00bb.<\/p><\/blockquote>\n<p>                                                 Fundador de Ministers Fellowship International\n\t\t<\/div>\n\t\t\t<\/div>\n\t\t<\/div>\n\t\t\t<\/div> <!-- .tabs-left --><\/p>\n","protected":false},"excerpt":{"rendered":"<p>Estas son las personas que opinaron sobre lo que est\u00e1 y ha estado pasando en Boivia.<\/p>\n","protected":false},"author":1,"featured_media":984,"parent":0,"menu_order":3,"comment_status":"closed","ping_status":"closed","template":"","meta":{"footnotes":""},"class_list":["post-668","page","type-page","status-publish","has-post-thumbnail","hentry"],"_links":{"self":[{"href":"http:\/\/revoluciondesdeadentro.com\/index.php?rest_route=\/wp\/v2\/pages\/668","targetHints":{"allow":["GET"]}}],"collection":[{"href":"http:\/\/revoluciondesdeadentro.com\/index.php?rest_route=\/wp\/v2\/pages"}],"about":[{"href":"http:\/\/revoluciondesdeadentro.com\/index.php?rest_route=\/wp\/v2\/types\/page"}],"author":[{"embeddable":true,"href":"http:\/\/revoluciondesdeadentro.com\/index.php?rest_route=\/wp\/v2\/users\/1"}],"replies":[{"embeddable":true,"href":"http:\/\/revoluciondesdeadentro.com\/index.php?rest_route=%2Fwp%2Fv2%2Fcomments&post=668"}],"version-history":[{"count":30,"href":"http:\/\/revoluciondesdeadentro.com\/index.php?rest_route=\/wp\/v2\/pages\/668\/revisions"}],"predecessor-version":[{"id":1274,"href":"http:\/\/revoluciondesdeadentro.com\/index.php?rest_route=\/wp\/v2\/pages\/668\/revisions\/1274"}],"wp:featuredmedia":[{"embeddable":true,"href":"http:\/\/revoluciondesdeadentro.com\/index.php?rest_route=\/wp\/v2\/media\/984"}],"wp:attachment":[{"href":"http:\/\/revoluciondesdeadentro.com\/index.php?rest_route=%2Fwp%2Fv2%2Fmedia&parent=668"}],"curies":[{"name":"wp","href":"https:\/\/api.w.org\/{rel}","templated":true}]}}